{"id":607,"date":"2020-05-16T19:34:13","date_gmt":"2020-05-16T19:34:13","guid":{"rendered":"https:\/\/demo.winnertheme.com\/zapedah\/?page_id=607"},"modified":"2022-05-14T14:26:09","modified_gmt":"2022-05-14T14:26:09","slug":"about-us","status":"publish","type":"page","link":"https:\/\/hanikakaravan.com\/?page_id=607","title":{"rendered":"Hakk\u0131m\u0131zda"},"content":{"rendered":"\t\t<div data-elementor-type=\"wp-page\" data-elementor-id=\"607\" class=\"elementor elementor-607\" data-elementor-settings=\"[]\">\n\t\t\t\t\t\t\t<div class=\"elementor-section-wrap\">\n\t\t\t\t\t\t\t<section class=\"elementor-section elementor-top-section elementor-element elementor-element-8a6384a elementor-section-boxed elementor-section-height-default elementor-section-height-default\" data-id=\"8a6384a\" data-element_type=\"section\" data-settings=\"{&quot;background_background&quot;:&quot;classic&quot;}\">\n\t\t\t\t\t\t\t<div class=\"elementor-background-overlay\"><\/div>\n\t\t\t\t\t\t\t<div class=\"elementor-container elementor-column-gap-extended\">\n\t\t\t\t\t<div class=\"elementor-column elementor-col-100 elementor-top-column elementor-element elementor-element-9c7ba51\" data-id=\"9c7ba51\" data-element_type=\"column\">\n\t\t\t<div class=\"elementor-widget-wrap elementor-element-populated\">\n\t\t\t\t\t\t\t\t<div class=\"elementor-element elementor-element-805bf15 elementor-widget elementor-widget-text-editor\" data-id=\"805bf15\" data-element_type=\"widget\" data-widget_type=\"text-editor.default\">\n\t\t\t\t<div class=\"elementor-widget-container\">\n\t\t\t\t\t\t\t\t<p>Biz Kimiz?<\/p>\t\t\t\t\t\t<\/div>\n\t\t\t\t<\/div>\n\t\t\t\t<div class=\"elementor-element elementor-element-5679f91 elementor-widget elementor-widget-zapedah-title\" data-id=\"5679f91\" data-element_type=\"widget\" data-widget_type=\"zapedah-title.default\">\n\t\t\t\t<div class=\"elementor-widget-container\">\n\t\t\t<h2 class=\"content-title\">Hak\u0131m\u0131zda<span>.<\/span><\/h2>\t\t<\/div>\n\t\t\t\t<\/div>\n\t\t\t\t\t<\/div>\n\t\t<\/div>\n\t\t\t\t\t\t\t<\/div>\n\t\t<\/section>\n\t\t\t\t<section class=\"elementor-section elementor-top-section elementor-element elementor-element-011efc4 elementor-section-boxed elementor-section-height-default elementor-section-height-default\" data-id=\"011efc4\" data-element_type=\"section\" data-settings=\"{&quot;background_background&quot;:&quot;classic&quot;}\">\n\t\t\t\t\t\t<div class=\"elementor-container elementor-column-gap-extended\">\n\t\t\t\t\t<div class=\"elementor-column elementor-col-50 elementor-top-column elementor-element elementor-element-e47ebf1\" data-id=\"e47ebf1\" data-element_type=\"column\">\n\t\t\t<div class=\"elementor-widget-wrap elementor-element-populated\">\n\t\t\t\t\t\t\t\t<div class=\"elementor-element elementor-element-2dd543a elementor-widget elementor-widget-zapedah-title\" data-id=\"2dd543a\" data-element_type=\"widget\" data-widget_type=\"zapedah-title.default\">\n\t\t\t\t<div class=\"elementor-widget-container\">\n\t\t\t<h2 class=\"content-title\">Hanika Karavan <b>Hakk\u0131m\u0131zda<\/b><span>.<\/span><\/h2>\t\t<\/div>\n\t\t\t\t<\/div>\n\t\t\t\t<div class=\"elementor-element elementor-element-9ca71a1 elementor-widget elementor-widget-text-editor\" data-id=\"9ca71a1\" data-element_type=\"widget\" data-widget_type=\"text-editor.default\">\n\t\t\t\t<div class=\"elementor-widget-container\">\n\t\t\t\t\t\t\t\t<p>&#8220;Hanika Karavan, 28\/06\/2019 y\u0131l\u0131nda Hanika Karavan A.\u015e taraf\u0131ndan kurulmu\u015ftur. Firmam\u0131z, Ayd\u0131n Didim\u2019de bulunan ilk karavan imalat \u015firketidir. Kaliteli \u00fcr\u00fcn ve m\u00fc\u015fteri memnuniyeti ile vizyonumuzu olu\u015fturduk. Tatilin, karavanda daha \u00f6zg\u00fcr ve daha konforlu olaca\u011f\u0131 anlay\u0131\u015f\u0131yla, T\u00fcrkiye \u00e7ap\u0131nda siz de\u011ferli m\u00fc\u015fterilerimizin hizmetindeyiz.&#8221;<\/p>\t\t\t\t\t\t<\/div>\n\t\t\t\t<\/div>\n\t\t\t\t\t<\/div>\n\t\t<\/div>\n\t\t\t\t<div class=\"elementor-column elementor-col-50 elementor-top-column elementor-element elementor-element-f6f9b03\" data-id=\"f6f9b03\" data-element_type=\"column\">\n\t\t\t<div class=\"elementor-widget-wrap elementor-element-populated\">\n\t\t\t\t\t\t\t\t<div class=\"elementor-element elementor-element-02cc798 elementor-widget elementor-widget-zapedah-video\" data-id=\"02cc798\" data-element_type=\"widget\" data-widget_type=\"zapedah-video.default\">\n\t\t\t\t<div class=\"elementor-widget-container\">\n\t\t\t<div class=\"clearfix\">\r\n    <div class=\"port-inner team-innerbox\">\r\n\t\t<a class=\"popup-video\" href=\"https:\/\/www.youtube.com\/watch?v=mWwhlnyKpJI\">\r\n\t\t\t<i class=\"zapedah-icon fas fa-play\"><\/i>\t\t<\/a> \r\n        <div class=\"port-box\"><\/div>\r\n        <div class=\"port-img width-img img-bg\"\r\n            style=\"background-image:url(https:\/\/hanikakaravan.com\/wp-content\/uploads\/2022\/05\/400017100511_365383.jpg);\"><\/div>\r\n        <div class=\"img-mask\"><\/div>\r\n\t\t\r\n\t\t\r\n    <\/div>\r\n    \r\n<\/div>\r\n\r\n\t\t<\/div>\n\t\t\t\t<\/div>\n\t\t\t\t\t<\/div>\n\t\t<\/div>\n\t\t\t\t\t\t\t<\/div>\n\t\t<\/section>\n\t\t\t\t\t\t<\/div>\n\t\t\t\t\t<\/div>\n\t\t","protected":false},"excerpt":{"rendered":"<p>Biz Kimiz? Hak\u0131m\u0131zda. Hanika Karavan Hakk\u0131m\u0131zda. &#8220;Hanika Karavan, 28\/06\/2019 y\u0131l\u0131nda Hanika Karavan A.\u015e taraf\u0131ndan kurulmu\u015ftur. Firmam\u0131z, Ayd\u0131n Didim\u2019de bulunan ilk karavan imalat \u015firketidir. Kaliteli \u00fcr\u00fcn ve m\u00fc\u015fteri memnuniyeti ile vizyonumuzu olu\u015fturduk. Tatilin, karavanda daha \u00f6zg\u00fcr ve daha konforlu olaca\u011f\u0131 anlay\u0131\u015f\u0131yla, T\u00fcrkiye \u00e7ap\u0131nda siz de\u011ferli m\u00fc\u015fterilerimizin hizmetindeyiz.&#8221;<\/p>\n","protected":false},"author":1,"featured_media":0,"parent":0,"menu_order":0,"comment_status":"closed","ping_status":"closed","template":"blank-builder.php","meta":[],"_links":{"self":[{"href":"https:\/\/hanikakaravan.com\/index.php?rest_route=\/wp\/v2\/pages\/607"}],"collection":[{"href":"https:\/\/hanikakaravan.com\/index.php?rest_route=\/wp\/v2\/pages"}],"about":[{"href":"https:\/\/hanikakaravan.com\/index.php?rest_route=\/wp\/v2\/types\/page"}],"author":[{"embeddable":true,"href":"https:\/\/hanikakaravan.com\/index.php?rest_route=\/wp\/v2\/users\/1"}],"replies":[{"embeddable":true,"href":"https:\/\/hanikakaravan.com\/index.php?rest_route=%2Fwp%2Fv2%2Fcomments&post=607"}],"version-history":[{"count":10,"href":"https:\/\/hanikakaravan.com\/index.php?rest_route=\/wp\/v2\/pages\/607\/revisions"}],"predecessor-version":[{"id":1656,"href":"https:\/\/hanikakaravan.com\/index.php?rest_route=\/wp\/v2\/pages\/607\/revisions\/1656"}],"wp:attachment":[{"href":"https:\/\/hanikakaravan.com\/index.php?rest_route=%2Fwp%2Fv2%2Fmedia&parent=607"}],"curies":[{"name":"wp","href":"https:\/\/api.w.org\/{rel}","templated":true}]}}